{"id":3890,"date":"2022-09-05T22:13:43","date_gmt":"2022-09-06T04:13:43","guid":{"rendered":"https:\/\/geekbotelectronics.com\/?post_type=product&#038;p=3890"},"modified":"2026-02-26T10:52:50","modified_gmt":"2026-02-26T16:52:50","slug":"programador-pickit-3-generico","status":"publish","type":"product","link":"https:\/\/geekbotelectronics.com\/index.php\/product\/programador-pickit-3-generico\/","title":{"rendered":"Programador PICkit 3 Gen\u00e9rico"},"content":{"rendered":"<p>&nbsp;<\/p>\n<p style=\"color: #2f2f2f\"><strong>Contenido del paquete:<\/strong><br \/>\n&#8211; PIC KIT\u00a0 3 Compatible USB programador \/ depurador x 1<br \/>\n&#8211; Mini Cable USB x 1<br \/>\n&#8211; CD Software \u00d7 1<\/p>\n","protected":false},"excerpt":{"rendered":"<p>Caracter\u00edsticas de PICKIT3 Compatible programador \/ depurador:<br \/>\n&#8211; Compatibilidad con USB de velocidad completa el uso de controladores est\u00e1ndar de Windows (Windows 7 Supported)<br \/>\n&#8211; La ejecuci\u00f3n en tiempo real<br \/>\n&#8211; Procesadores de correr a velocidades m\u00e1ximas<br \/>\n&#8211; Construida en el Circuit Monitor over-voltage\/short<br \/>\n&#8211; Bajo voltaje a 5V (1,8 a 5 V gama)<br \/>\n&#8211; Soporta 3.3V<br \/>\n&#8211; LEDs de diagn\u00f3stico (energ\u00eda, activa, de estado)<br \/>\n&#8211; Programa de lectura \/ escritura y la memoria de datos del microcontrolador<br \/>\n&#8211; Borrar de todos los tipos de memoria (EEPROM, ID, configuraci\u00f3n y programas) con la verificaci\u00f3n<br \/>\n&#8211; Congelaci\u00f3n de perif\u00e9ricos a punto de interrupci\u00f3n<\/p>\n<p>&nbsp;<\/p>\n<p>Descargas<\/p>\n<p>&nbsp;<\/p>\n<p><a href=\"http:\/\/www.microchip.com\/mplabx-ide-windows-installer\">MPLAB X IDE Windows 32\/64 Bits\u00a0v2.26<\/a><\/p>\n<p><a href=\"http:\/\/www.microchip.com\/mplabx-ide-linux-installer\">MPLAB X IDE LINUX v2.26\u00a0<\/a><\/p>\n<p><a href=\"http:\/\/www.microchip.com\/mplabx-ide-osx-installer\">MPLAB X IDE MAC v2.26<\/a><\/p>\n<p>&nbsp;<\/p>\n<p><a href=\"http:\/\/www.geekbotelectronics.com\/wp-content\/uploads\/2015\/01\/MikroBasic-Pro.7z\"> mikroC_PRO_for_PIC_v4.15.7z<\/a><\/p>\n<p><a href=\"http:\/\/www.geekbotelectronics.com\/wp-content\/uploads\/2015\/01\/PIC-Simulators.7z\">PIC Simulators.7z<\/a><\/p>\n<p><a href=\"http:\/\/www.geekbotelectronics.com\/wp-content\/uploads\/2015\/01\/PIC-Timer-Calculator.7z\">PIC Timer Calculator.7z<\/a><\/p>\n<p>&nbsp;<\/p>\n<p>&nbsp;<\/p>\n","protected":false},"featured_media":1694,"comment_status":"closed","ping_status":"closed","template":"","meta":{"_lmt_disableupdate":"no","_lmt_disable":""},"product_brand":[],"product_cat":[45],"product_tag":[],"class_list":{"0":"post-3890","1":"product","2":"type-product","3":"status-publish","4":"has-post-thumbnail","6":"product_cat-programadores","8":"first","9":"outofstock","10":"taxable","11":"shipping-taxable","12":"purchasable","13":"product-type-simple"},"_links":{"self":[{"href":"https:\/\/geekbotelectronics.com\/index.php\/wp-json\/wp\/v2\/product\/3890"}],"collection":[{"href":"https:\/\/geekbotelectronics.com\/index.php\/wp-json\/wp\/v2\/product"}],"about":[{"href":"https:\/\/geekbotelectronics.com\/index.php\/wp-json\/wp\/v2\/types\/product"}],"replies":[{"embeddable":true,"href":"https:\/\/geekbotelectronics.com\/index.php\/wp-json\/wp\/v2\/comments?post=3890"}],"wp:featuredmedia":[{"embeddable":true,"href":"https:\/\/geekbotelectronics.com\/index.php\/wp-json\/wp\/v2\/media\/1694"}],"wp:attachment":[{"href":"https:\/\/geekbotelectronics.com\/index.php\/wp-json\/wp\/v2\/media?parent=3890"}],"wp:term":[{"taxonomy":"product_brand","embeddable":true,"href":"https:\/\/geekbotelectronics.com\/index.php\/wp-json\/wp\/v2\/product_brand?post=3890"},{"taxonomy":"product_cat","embeddable":true,"href":"https:\/\/geekbotelectronics.com\/index.php\/wp-json\/wp\/v2\/product_cat?post=3890"},{"taxonomy":"product_tag","embeddable":true,"href":"https:\/\/geekbotelectronics.com\/index.php\/wp-json\/wp\/v2\/product_tag?post=3890"}],"curies":[{"name":"wp","href":"https:\/\/api.w.org\/{rel}","templated":true}]}}