{"id":3810,"date":"2022-09-05T22:13:14","date_gmt":"2022-09-06T04:13:14","guid":{"rendered":"https:\/\/geekbotelectronics.com\/?post_type=product&#038;p=3810"},"modified":"2026-03-26T13:31:17","modified_gmt":"2026-03-26T19:31:17","slug":"sensor-lj12a3-4-z-bx-proximidad-inductivo","status":"publish","type":"product","link":"https:\/\/geekbotelectronics.com\/index.php\/product\/sensor-lj12a3-4-z-bx-proximidad-inductivo\/","title":{"rendered":"Sensor LJ12A3-4-Z\/BX Proximidad Inductivo"},"content":{"rendered":"<h4>LJ12A3-4-Z\/BX Sensor de Proximidad Inductivo<\/h4>\n<p>Sensor de proximidad LJ12A3-4-Z\/BX\u00a0inductivo con switch de detecci\u00f3n NPN. El sensor viene con los accesorios para su montaje. Funciona de 6 a 36V y tiene una distancia de detecci\u00f3n de 4mm. Ideal para contabilizar art\u00edculos, implementar en lineas de producci\u00f3n, etc.<\/p>\n<p>Los sensores inductivos son utilizados como detectores de proximidad de objetos met\u00e1licos. Son muy utilizados en sistema de automatizaci\u00f3n industrial, como contadores de objetos, o para activar alguna acci\u00f3n en la presencia de alg\u00fan objeto met\u00e1lico. Su aplicaci\u00f3n en impresoras 3D es de gran utilidad pues permite realizar una autocalibraci\u00f3n de nivel, para que el sistema sepa definir su posici\u00f3n relativa a la plataforma de impresi\u00f3n.<\/p>\n<h4><strong>Especificaciones\u00a0<\/strong><\/h4>\n<ul>\n<li>Modelo:\u00a0LJ12A3- 4-Z\/BX<\/li>\n<li>Tipo de sensor: inductivo<\/li>\n<li>Tipo de salida: NPN<\/li>\n<li>Diametro de la cab\u00e9za: 12mm<\/li>\n<li>Distancia de detecci\u00f3n: 4mm<\/li>\n<li>Voltaje de alimentaci\u00f3n: 6 a 36V<\/li>\n<li>Corriente de salida: 300mA<\/li>\n<li>Respuesta en frecuencia: 0.5Khz<\/li>\n<li>Objetos de deteccion:\u00a0Metalicos<\/li>\n<li>Temperatura de operaci\u00f3n: -25\u00baC a +55\u00baC<\/li>\n<li>Tama\u00f1o: 6.2 x 2 cm<\/li>\n<\/ul>\n","protected":false},"excerpt":{"rendered":"<p>Este sensor LJ12A3-4-Z\/BX\u00a0te permite detectar la proximidad de objetos met\u00e1licos.<\/p>\n","protected":false},"featured_media":1574,"comment_status":"closed","ping_status":"closed","template":"","meta":{"_lmt_disableupdate":"no","_lmt_disable":""},"product_brand":[],"product_cat":[68,61],"product_tag":[],"class_list":{"0":"post-3810","1":"product","2":"type-product","3":"status-publish","4":"has-post-thumbnail","6":"product_cat-ambientales","7":"product_cat-proximidad","9":"first","10":"outofstock","11":"taxable","12":"shipping-taxable","13":"purchasable","14":"product-type-simple"},"_links":{"self":[{"href":"https:\/\/geekbotelectronics.com\/index.php\/wp-json\/wp\/v2\/product\/3810"}],"collection":[{"href":"https:\/\/geekbotelectronics.com\/index.php\/wp-json\/wp\/v2\/product"}],"about":[{"href":"https:\/\/geekbotelectronics.com\/index.php\/wp-json\/wp\/v2\/types\/product"}],"replies":[{"embeddable":true,"href":"https:\/\/geekbotelectronics.com\/index.php\/wp-json\/wp\/v2\/comments?post=3810"}],"wp:featuredmedia":[{"embeddable":true,"href":"https:\/\/geekbotelectronics.com\/index.php\/wp-json\/wp\/v2\/media\/1574"}],"wp:attachment":[{"href":"https:\/\/geekbotelectronics.com\/index.php\/wp-json\/wp\/v2\/media?parent=3810"}],"wp:term":[{"taxonomy":"product_brand","embeddable":true,"href":"https:\/\/geekbotelectronics.com\/index.php\/wp-json\/wp\/v2\/product_brand?post=3810"},{"taxonomy":"product_cat","embeddable":true,"href":"https:\/\/geekbotelectronics.com\/index.php\/wp-json\/wp\/v2\/product_cat?post=3810"},{"taxonomy":"product_tag","embeddable":true,"href":"https:\/\/geekbotelectronics.com\/index.php\/wp-json\/wp\/v2\/product_tag?post=3810"}],"curies":[{"name":"wp","href":"https:\/\/api.w.org\/{rel}","templated":true}]}}