{"id":3776,"date":"2022-09-05T22:13:04","date_gmt":"2022-09-06T04:13:04","guid":{"rendered":"https:\/\/geekbotelectronics.com\/?post_type=product&#038;p=3776"},"modified":"2023-09-08T17:14:47","modified_gmt":"2023-09-08T23:14:47","slug":"pasacables-de-goma-m8-circular","status":"publish","type":"product","link":"https:\/\/geekbotelectronics.com\/index.php\/product\/pasacables-de-goma-m8-circular\/","title":{"rendered":"Pasacables de Goma M8 Circular"},"content":{"rendered":"<h4 id=\"firstHeading\" class=\"firstHeading\"><span style=\"color: #000000;\">Pasacables de Goma<\/span><\/h4>\n<div id=\"bodyContent\" class=\"mw-body-content\">\n<div id=\"mw-content-text\" class=\"mw-content-ltr\" dir=\"ltr\" lang=\"es\">\n<p><span style=\"color: #000000;\">Un pasacables\u00a0de goma es un tubo o anillo por el que, en la mayor\u00eda de los casos, se pasa un <a class=\"mw-redirect\" style=\"color: #000000;\" title=\"Cable el\u00e9ctrico\" href=\"https:\/\/es.wikipedia.org\/wiki\/Cable_el%C3%A9ctrico\">cable el\u00e9ctrico<\/a>. Se hacen generalmente de caucho.<sup id=\"cite_ref-Fletcher2003_1-0\" class=\"reference\"><\/sup><\/span><\/p>\n<p><span style=\"color: #000000;\">El pasa-cables se suele insertar en agujeros practicados en ciertos materiales con la finalidad de proteger, mejorar la fricci\u00f3n o sellar los cables que pasan por \u00e9l, de un posible ataque mec\u00e1nico o qu\u00edmico.<\/span><\/p>\n<p>Los pasacables se utilizan para m\u00faltiples aplicaciones, como protector de cables, tubos y mangueras, de las aristas de planchas de metal, etc. Construidos en goma de primera calidad, su dise\u00f1o permite que queden fuertemente sujetos al panel de chapa o de otro tipo de material. De f\u00e1cil montaje, ya que el caucho es muy maleable.<\/p>\n<p>Si bien el mercado ofrece muchos materiales adecuados para la producci\u00f3n de pasacables, s\u00f3lo las propiedades de la goma pueden ofrecer resultados en t\u00e9rminos de estanqueidad, protecci\u00f3n, elasticidad y mantenimiento de las mismas caracter\u00edsticas con el paso del tiempo.<\/p>\n<\/div>\n<\/div>\n","protected":false},"excerpt":{"rendered":"<p>Pasacables de Goma Un pasacables\u00a0de goma es un tubo o anillo por el que, en la mayor\u00eda de los casos, se pasa un cable el\u00e9ctrico. Se hacen generalmente de caucho. El pasa-cables se suele insertar en agujeros practicados en ciertos materiales con la finalidad de proteger, mejorar la fricci\u00f3n o sellar los cables que pasan [&hellip;]<\/p>\n","protected":false},"featured_media":1504,"comment_status":"closed","ping_status":"closed","template":"","meta":{"_lmt_disableupdate":"","_lmt_disable":""},"product_brand":[],"product_cat":[187],"product_tag":[],"class_list":{"0":"post-3776","1":"product","2":"type-product","3":"status-publish","4":"has-post-thumbnail","6":"product_cat-pasacables","8":"first","9":"outofstock","10":"taxable","11":"shipping-taxable","12":"purchasable","13":"product-type-simple"},"_links":{"self":[{"href":"https:\/\/geekbotelectronics.com\/index.php\/wp-json\/wp\/v2\/product\/3776"}],"collection":[{"href":"https:\/\/geekbotelectronics.com\/index.php\/wp-json\/wp\/v2\/product"}],"about":[{"href":"https:\/\/geekbotelectronics.com\/index.php\/wp-json\/wp\/v2\/types\/product"}],"replies":[{"embeddable":true,"href":"https:\/\/geekbotelectronics.com\/index.php\/wp-json\/wp\/v2\/comments?post=3776"}],"wp:featuredmedia":[{"embeddable":true,"href":"https:\/\/geekbotelectronics.com\/index.php\/wp-json\/wp\/v2\/media\/1504"}],"wp:attachment":[{"href":"https:\/\/geekbotelectronics.com\/index.php\/wp-json\/wp\/v2\/media?parent=3776"}],"wp:term":[{"taxonomy":"product_brand","embeddable":true,"href":"https:\/\/geekbotelectronics.com\/index.php\/wp-json\/wp\/v2\/product_brand?post=3776"},{"taxonomy":"product_cat","embeddable":true,"href":"https:\/\/geekbotelectronics.com\/index.php\/wp-json\/wp\/v2\/product_cat?post=3776"},{"taxonomy":"product_tag","embeddable":true,"href":"https:\/\/geekbotelectronics.com\/index.php\/wp-json\/wp\/v2\/product_tag?post=3776"}],"curies":[{"name":"wp","href":"https:\/\/api.w.org\/{rel}","templated":true}]}}