{"id":3713,"date":"2022-09-05T22:12:48","date_gmt":"2022-09-06T04:12:48","guid":{"rendered":"https:\/\/geekbotelectronics.com\/?post_type=product&#038;p=3713"},"modified":"2025-06-13T18:18:39","modified_gmt":"2025-06-14T00:18:39","slug":"terminal-block-enchufable-2-tornillos-3-5mm","status":"publish","type":"product","link":"https:\/\/geekbotelectronics.com\/index.php\/product\/terminal-block-enchufable-2-tornillos-3-5mm\/","title":{"rendered":"Terminal Block Enchufable 2 Tornillos 3.5mm"},"content":{"rendered":"<h4>Terminal Block Enchufable<\/h4>\n<div>Terminal block doble con opresores para sujetar cable por medio de tornillos. Cuenta con gu\u00edas para empotrarse con terminales similares a ellas \u00fatil para hacer conexiones el\u00e9ctricas y\/o electr\u00f3nicas en protoboard o chasis.<\/div>\n<div><\/div>\n<div>\n<p><strong>Especificaciones<\/strong><\/p>\n<ul>\n<li>N\u00famero de tornillos: 2<\/li>\n<li>Con guia de empalme<\/li>\n<li>Para protoboard o chasis<\/li>\n<li>Color: Verde<\/li>\n<li>Voltaje: 250 V<\/li>\n<li>Amperaje: 8 A<\/li>\n<li>Para cable calibre: 26 &#8211; 14 AWG<\/li>\n<li>Tornillo cruz<\/li>\n<\/ul>\n<\/div>\n","protected":false},"excerpt":{"rendered":"<p>Terminal Block Enchufable Terminal block doble con opresores para sujetar cable por medio de tornillos. Cuenta con gu\u00edas para empotrarse con terminales similares a ellas \u00fatil para hacer conexiones el\u00e9ctricas y\/o electr\u00f3nicas en protoboard o chasis. Especificaciones N\u00famero de tornillos: 2 Con guia de empalme Para protoboard o chasis Color: Verde Voltaje: 250 V Amperaje: [&hellip;]<\/p>\n","protected":false},"featured_media":1404,"comment_status":"closed","ping_status":"closed","template":"","meta":{"_lmt_disableupdate":"","_lmt_disable":""},"product_brand":[],"product_cat":[72],"product_tag":[],"class_list":{"0":"post-3713","1":"product","2":"type-product","3":"status-publish","4":"has-post-thumbnail","6":"product_cat-terminales-con-tornillo","8":"first","9":"instock","10":"taxable","11":"shipping-taxable","12":"purchasable","13":"product-type-simple"},"_links":{"self":[{"href":"https:\/\/geekbotelectronics.com\/index.php\/wp-json\/wp\/v2\/product\/3713"}],"collection":[{"href":"https:\/\/geekbotelectronics.com\/index.php\/wp-json\/wp\/v2\/product"}],"about":[{"href":"https:\/\/geekbotelectronics.com\/index.php\/wp-json\/wp\/v2\/types\/product"}],"replies":[{"embeddable":true,"href":"https:\/\/geekbotelectronics.com\/index.php\/wp-json\/wp\/v2\/comments?post=3713"}],"wp:featuredmedia":[{"embeddable":true,"href":"https:\/\/geekbotelectronics.com\/index.php\/wp-json\/wp\/v2\/media\/1404"}],"wp:attachment":[{"href":"https:\/\/geekbotelectronics.com\/index.php\/wp-json\/wp\/v2\/media?parent=3713"}],"wp:term":[{"taxonomy":"product_brand","embeddable":true,"href":"https:\/\/geekbotelectronics.com\/index.php\/wp-json\/wp\/v2\/product_brand?post=3713"},{"taxonomy":"product_cat","embeddable":true,"href":"https:\/\/geekbotelectronics.com\/index.php\/wp-json\/wp\/v2\/product_cat?post=3713"},{"taxonomy":"product_tag","embeddable":true,"href":"https:\/\/geekbotelectronics.com\/index.php\/wp-json\/wp\/v2\/product_tag?post=3713"}],"curies":[{"name":"wp","href":"https:\/\/api.w.org\/{rel}","templated":true}]}}