{"id":3693,"date":"2022-09-05T22:12:41","date_gmt":"2022-09-06T04:12:41","guid":{"rendered":"https:\/\/geekbotelectronics.com\/?post_type=product&#038;p=3693"},"modified":"2026-03-11T12:25:40","modified_gmt":"2026-03-11T18:25:40","slug":"capacitor-ceramico-470-nf-50-v","status":"publish","type":"product","link":"https:\/\/geekbotelectronics.com\/index.php\/product\/capacitor-ceramico-470-nf-50-v\/","title":{"rendered":"Capacitor Cer\u00e1mico 470 nF 50 V"},"content":{"rendered":"<h4><span style=\"color: #000000\">Capacitor Cer\u00e1mico 470\u00a0nF 50 V<\/span><\/h4>\n<p><span style=\"color: #000000\">Un capacitor cer\u00e1mico 470 nF\u00a0es un dispositivo <a class=\"mw-redirect\" style=\"color: #000000\" title=\"Componente pasivo\" href=\"https:\/\/es.wikipedia.org\/wiki\/Componente_pasivo\">pasivo<\/a>, utilizado en <a style=\"color: #000000\" title=\"Electricidad\" href=\"https:\/\/es.wikipedia.org\/wiki\/Electricidad\">electricidad<\/a> y <a style=\"color: #000000\" title=\"Electr\u00f3nica\" href=\"https:\/\/es.wikipedia.org\/wiki\/Electr%C3%B3nica\">electr\u00f3nica<\/a>, capaz de almacenar <a style=\"color: #000000\" title=\"Energ\u00eda\" href=\"https:\/\/es.wikipedia.org\/wiki\/Energ%C3%ADa\">energ\u00eda<\/a> sustentando un <a style=\"color: #000000\" title=\"Campo el\u00e9ctrico\" href=\"https:\/\/es.wikipedia.org\/wiki\/Campo_el%C3%A9ctrico\">campo el\u00e9ctrico<\/a>.\u00a0Est\u00e1 formado por dos armaduras met\u00e1licas paralelas (generalmente de aluminio) separadas por un material diel\u00e9ctrico.<\/span><\/p>\n<p><span style=\"color: #000000\">Los capacitores\u00a0cer\u00e1micos utilizan como material diel\u00e9ctrico la propia cer\u00e1mica. La cer\u00e1mica fue uno de los primeros materiales diel\u00e9ctricos que se utilizaron para fabricar capacitores o condensadores y de hecho a\u00fan hoy en d\u00eda su uso est\u00e1 muy extendido entre los principales fabricantes de capacitores del mundo.<\/span><\/p>\n<p><span style=\"color: #000000\">Los <a style=\"color: #000000\" href=\"http:\/\/www.bateriasdecondensadores.com\/para-que-sirve-un-condensador\/\">condensadores<\/a> cer\u00e1micos m\u00e1s utilizados hoy en d\u00eda son los capacitores cer\u00e1micos multi capa o tambi\u00e9n llamados en ingl\u00e9s ceramic multi-layer chip capacitor que responde a las siglas MLCC.<\/span><br \/>\n<span style=\"color: #000000\">Estos son los de mayor producci\u00f3n del mundo instal\u00e1ndose a\u00f1o tras a\u00f1o en millones de millones de dispositivos electr\u00f3nicos comercializados por todo el mundo, esto es debido a su tama\u00f1o reducido que hace que puedan incorporarse en todo tipo de aparatos.<\/span><\/p>\n<p><span style=\"color: #000000\">Por lo general estos capacitores est\u00e1n marcados con lo que se llama el m\u00e9todo Japon\u00e9s que consiste en utilizar un c\u00f3digo de 3 cifras en donde las dos primeras cifras indican el valor absoluto del capacitor y la tercera indica la cantidad de ceros que se deben agregar a las dos primeras cifras, para obtener la capacidad en pF. Por ejemplo un capacitor marcado 223 es de 22.000 pF. Para que no existan confusiones con los capacitores de bajos valores cuando se utiliza este c\u00f3digo se lo escribe subrayado (en nuestro ejemplo 223). Si un capacitor es de 220 con subrayado es de 22 pF y si no lo est\u00e1 es de 220pF. Observe que el mismo capacitor de 22 pF podr\u00eda estar marcado 220 o 22.<\/span><\/p>\n<p>&nbsp;<\/p>\n","protected":false},"excerpt":{"rendered":"<p><strong>Especificaciones<\/strong><\/p>\n<p>Capacitancia: 470nF<\/p>\n<p>Tolerancia de capacidad: \u00b1 5%<br \/>\nTensi\u00f3n nominal: 50V<br \/>\nTipo de montaje: Agujero pasante<br \/>\nTerminales del condensador: con conexi\u00f3n radial<\/p>\n","protected":false},"featured_media":199,"comment_status":"closed","ping_status":"closed","template":"","meta":{"_lmt_disableupdate":"no","_lmt_disable":""},"product_brand":[],"product_cat":[79],"product_tag":[],"class_list":{"0":"post-3693","1":"product","2":"type-product","3":"status-publish","4":"has-post-thumbnail","6":"product_cat-ceramicos","8":"first","9":"instock","10":"taxable","11":"shipping-taxable","12":"purchasable","13":"product-type-simple"},"_links":{"self":[{"href":"https:\/\/geekbotelectronics.com\/index.php\/wp-json\/wp\/v2\/product\/3693"}],"collection":[{"href":"https:\/\/geekbotelectronics.com\/index.php\/wp-json\/wp\/v2\/product"}],"about":[{"href":"https:\/\/geekbotelectronics.com\/index.php\/wp-json\/wp\/v2\/types\/product"}],"replies":[{"embeddable":true,"href":"https:\/\/geekbotelectronics.com\/index.php\/wp-json\/wp\/v2\/comments?post=3693"}],"wp:featuredmedia":[{"embeddable":true,"href":"https:\/\/geekbotelectronics.com\/index.php\/wp-json\/wp\/v2\/media\/199"}],"wp:attachment":[{"href":"https:\/\/geekbotelectronics.com\/index.php\/wp-json\/wp\/v2\/media?parent=3693"}],"wp:term":[{"taxonomy":"product_brand","embeddable":true,"href":"https:\/\/geekbotelectronics.com\/index.php\/wp-json\/wp\/v2\/product_brand?post=3693"},{"taxonomy":"product_cat","embeddable":true,"href":"https:\/\/geekbotelectronics.com\/index.php\/wp-json\/wp\/v2\/product_cat?post=3693"},{"taxonomy":"product_tag","embeddable":true,"href":"https:\/\/geekbotelectronics.com\/index.php\/wp-json\/wp\/v2\/product_tag?post=3693"}],"curies":[{"name":"wp","href":"https:\/\/api.w.org\/{rel}","templated":true}]}}