{"id":3528,"date":"2022-09-05T22:11:54","date_gmt":"2022-09-06T04:11:54","guid":{"rendered":"https:\/\/geekbotelectronics.com\/?post_type=product&#038;p=3528"},"modified":"2023-04-26T15:05:07","modified_gmt":"2023-04-26T21:05:07","slug":"capacitor-de-tantalio-10-uf-35v","status":"publish","type":"product","link":"https:\/\/geekbotelectronics.com\/index.php\/product\/capacitor-de-tantalio-10-uf-35v\/","title":{"rendered":"Capacitor de Tantalio 10 uf 35V"},"content":{"rendered":"<h4 style=\"text-align: justify\"><span style=\"color: #000000\">Capacitor de Tantalio<\/span><\/h4>\n<p style=\"text-align: justify\"><span style=\"color: #000000\">Capacitor de Tantalio. Los capacitores son componentes electr\u00f3nicos que son ampliamente usados en los circuitos electr\u00f3nicos. Tienen diferentes prop\u00f3sitos, tales como suavizar las fluctuaciones o cambios en la tensi\u00f3n y la corriente.<\/span><\/p>\n<p style=\"text-align: justify\"><span style=\"color: #000000\">Hay diferentes tipos de condensadores en funci\u00f3n de su material. Un condensador de \u00a0<a style=\"color: #000000\" title=\"Tantalio\" href=\"https:\/\/es.wikipedia.org\/wiki\/Tantalio\">tantalio<\/a>, o de \u00f3xido de tantalio, en realidad es un tipo de condensador electrol\u00edtico. Estos se encuentran disponibles en peque\u00f1os paquetes como dispositivos de montaje superficial, o SMD por sus siglas en ingl\u00e9s (surface-mount device) y est\u00e1n polarizados como los condensadores de \u00f3xido de aluminio. Sin embargo, los condensadores de \u00f3xido de tantalio tienen un valor de capacitancia mucho m\u00e1s alto para su tama\u00f1o. Estos son m\u00e1s caros que los de \u00f3xido de aluminio pero son m\u00e1s confiables, m\u00e1s estables y funcionan mejor en ciertas frecuencias. Los condensadores de tantalio a menudo se usan como condensadores de &#8220;desacoplamiento&#8221; o &#8220;derivaci\u00f3n&#8221;, lo que reduce el &#8220;ruido&#8221; electr\u00f3nico en los circuitos digitales.\u00a0Consigue corrientes de p\u00e9rdidas bajas, mucho menores que en los condensadores de aluminio. Suelen tener mejor relaci\u00f3n capacidad\/volumen.<\/span><\/p>\n","protected":false},"excerpt":{"rendered":"<p>Capacitor de Tantalio Capacitor de Tantalio. Los capacitores son componentes electr\u00f3nicos que son ampliamente usados en los circuitos electr\u00f3nicos. Tienen diferentes prop\u00f3sitos, tales como suavizar las fluctuaciones o cambios en la tensi\u00f3n y la corriente. Hay diferentes tipos de condensadores en funci\u00f3n de su material. Un condensador de \u00a0tantalio, o de \u00f3xido de tantalio, en [&hellip;]<\/p>\n","protected":false},"featured_media":1162,"comment_status":"closed","ping_status":"closed","template":"","meta":{"_lmt_disableupdate":"","_lmt_disable":""},"product_brand":[],"product_cat":[168],"product_tag":[],"class_list":{"0":"post-3528","1":"product","2":"type-product","3":"status-publish","4":"has-post-thumbnail","6":"product_cat-tantalio","8":"first","9":"outofstock","10":"taxable","11":"shipping-taxable","12":"purchasable","13":"product-type-simple"},"_links":{"self":[{"href":"https:\/\/geekbotelectronics.com\/index.php\/wp-json\/wp\/v2\/product\/3528"}],"collection":[{"href":"https:\/\/geekbotelectronics.com\/index.php\/wp-json\/wp\/v2\/product"}],"about":[{"href":"https:\/\/geekbotelectronics.com\/index.php\/wp-json\/wp\/v2\/types\/product"}],"replies":[{"embeddable":true,"href":"https:\/\/geekbotelectronics.com\/index.php\/wp-json\/wp\/v2\/comments?post=3528"}],"wp:featuredmedia":[{"embeddable":true,"href":"https:\/\/geekbotelectronics.com\/index.php\/wp-json\/wp\/v2\/media\/1162"}],"wp:attachment":[{"href":"https:\/\/geekbotelectronics.com\/index.php\/wp-json\/wp\/v2\/media?parent=3528"}],"wp:term":[{"taxonomy":"product_brand","embeddable":true,"href":"https:\/\/geekbotelectronics.com\/index.php\/wp-json\/wp\/v2\/product_brand?post=3528"},{"taxonomy":"product_cat","embeddable":true,"href":"https:\/\/geekbotelectronics.com\/index.php\/wp-json\/wp\/v2\/product_cat?post=3528"},{"taxonomy":"product_tag","embeddable":true,"href":"https:\/\/geekbotelectronics.com\/index.php\/wp-json\/wp\/v2\/product_tag?post=3528"}],"curies":[{"name":"wp","href":"https:\/\/api.w.org\/{rel}","templated":true}]}}