{"id":3355,"date":"2022-09-05T22:10:57","date_gmt":"2022-09-06T04:10:57","guid":{"rendered":"https:\/\/geekbotelectronics.com\/?post_type=product&#038;p=3355"},"modified":"2025-09-25T12:27:55","modified_gmt":"2025-09-25T18:27:55","slug":"sensor-dht22-temperatura-y-humedad","status":"publish","type":"product","link":"https:\/\/geekbotelectronics.com\/index.php\/product\/sensor-dht22-temperatura-y-humedad\/","title":{"rendered":"Sensor DHT22 Temperatura y Humedad"},"content":{"rendered":"<h4><span style=\"color: #000000\">DHT22 Sensor de Temperatura y Humedad<\/span><\/h4>\n<p><span style=\"color: #000000\">El DHT22 es un sensor de temperatura y humedad digital de bajo costo. Utiliza un sensor capacitivo de humedad y un termistor para medir el aire circundante, y muestra los datos mediante una se\u00f1al digital en el pin de datos (no hay pines de entrada anal\u00f3gica). Es bastante simple de usar, pero requiere sincronizaci\u00f3n cuidadosa para tomar datos.<\/span><\/p>\n<p><span style=\"color: #000000\">Este sensor proporciona una salida de datos digital. Entre sus ventajas podemos mencionar el despliegue de datos digitales. Esto supone una gran ventaja frente a los sensores del tipo an\u00e1logo, como el LM35 por ejemplo, en los cuales las fluctuaciones en el voltaje alteran la lectura de datos.<\/span><\/p>\n<p><span style=\"color: #000000\"><strong>Especificaciones:<\/strong><\/span><\/p>\n<ul>\n<li><span style=\"color: #000000\">Alimentaci\u00f3n:\u00a03.3Vdc \u2264 Vcc \u2264 6Vdc<\/span><\/li>\n<li><span style=\"color: #000000\">Rango de medici\u00f3n de temperatura: -40\u00b0C\u00a0a 80 \u00b0C<\/span><\/li>\n<li><span style=\"color: #000000\">Precisi\u00f3n de medici\u00f3n de temperatura: &lt;\u00b10.5 \u00b0C<\/span><\/li>\n<li><span style=\"color: #000000\">Resoluci\u00f3n Temperatura:\u00a00.1\u00b0C<\/span><\/li>\n<li><span style=\"color: #000000\">Rango de medici\u00f3n de humedad: De 0 a 100% RH<\/span><\/li>\n<li><span style=\"color: #000000\">Precisi\u00f3n de medici\u00f3n de humedad: 2% RH<\/span><\/li>\n<li><span style=\"color: #000000\">Resoluci\u00f3n Humedad: 0.1%RH<\/span><\/li>\n<li><span style=\"color: #000000\">Tiempo de sensado: 2\u00a0seg.<\/span><\/li>\n<li><span style=\"color: #000000\">Tama\u00f1o: 14 x 18 x 5.5 mm<\/span><\/li>\n<\/ul>\n<p><a href=\"https:\/\/cdn-shop.adafruit.com\/datasheets\/Digital+humidity+and+temperature+sensor+AM2302.pdf\">Datasheet<\/a><\/p>\n","protected":false},"excerpt":{"rendered":"<p>El\u00a0sensor DHT22 se caracteriza por tener la se\u00f1al digital calibrada por lo que asegura una alta calidad y una fiabilidad a lo largo del tiempo, ya que contiene un microcontrolador de 8 bits integrado.<\/p>\n","protected":false},"featured_media":893,"comment_status":"closed","ping_status":"closed","template":"","meta":{"_lmt_disableupdate":"no","_lmt_disable":""},"product_brand":[],"product_cat":[68],"product_tag":[94,95,96],"class_list":{"0":"post-3355","1":"product","2":"type-product","3":"status-publish","4":"has-post-thumbnail","6":"product_cat-ambientales","7":"product_tag-arduino","8":"product_tag-humedad","9":"product_tag-temperatura","11":"first","12":"instock","13":"taxable","14":"shipping-taxable","15":"purchasable","16":"product-type-simple"},"_links":{"self":[{"href":"https:\/\/geekbotelectronics.com\/index.php\/wp-json\/wp\/v2\/product\/3355"}],"collection":[{"href":"https:\/\/geekbotelectronics.com\/index.php\/wp-json\/wp\/v2\/product"}],"about":[{"href":"https:\/\/geekbotelectronics.com\/index.php\/wp-json\/wp\/v2\/types\/product"}],"replies":[{"embeddable":true,"href":"https:\/\/geekbotelectronics.com\/index.php\/wp-json\/wp\/v2\/comments?post=3355"}],"wp:featuredmedia":[{"embeddable":true,"href":"https:\/\/geekbotelectronics.com\/index.php\/wp-json\/wp\/v2\/media\/893"}],"wp:attachment":[{"href":"https:\/\/geekbotelectronics.com\/index.php\/wp-json\/wp\/v2\/media?parent=3355"}],"wp:term":[{"taxonomy":"product_brand","embeddable":true,"href":"https:\/\/geekbotelectronics.com\/index.php\/wp-json\/wp\/v2\/product_brand?post=3355"},{"taxonomy":"product_cat","embeddable":true,"href":"https:\/\/geekbotelectronics.com\/index.php\/wp-json\/wp\/v2\/product_cat?post=3355"},{"taxonomy":"product_tag","embeddable":true,"href":"https:\/\/geekbotelectronics.com\/index.php\/wp-json\/wp\/v2\/product_tag?post=3355"}],"curies":[{"name":"wp","href":"https:\/\/api.w.org\/{rel}","templated":true}]}}