{"id":3112,"date":"2022-09-05T22:09:50","date_gmt":"2022-09-06T04:09:50","guid":{"rendered":"https:\/\/geekbotelectronics.com\/?post_type=product&#038;p=3112"},"modified":"2026-02-13T16:06:49","modified_gmt":"2026-02-13T22:06:49","slug":"capacitor-de-poliester-1-5-uf","status":"publish","type":"product","link":"https:\/\/geekbotelectronics.com\/index.php\/product\/capacitor-de-poliester-1-5-uf\/","title":{"rendered":"Capacitor de Poli\u00e9ster 1.5 uF"},"content":{"rendered":"<h4 style=\"text-align: justify\"><span style=\"color: #000000\">Capacitor de Poli\u00e9ster 1.5 uF<\/span><\/h4>\n<p style=\"text-align: justify\"><span style=\"color: #000000\">Capacitor de poli\u00e9ster de 1.5 uF(microfaradios). Un condensador es un dispositivo capaz de almacenar energ\u00eda en forma de campo el\u00e9ctrico.\u00a0 Va a tener una serie de caracter\u00edsticas tales como capacidad, tensi\u00f3n de trabajo, tolerancia y polaridad. El condensador de poli\u00e9ster est\u00e1 formado por l\u00e1minas delgadas de <a style=\"color: #000000\" title=\"Poli\u00e9ster\" href=\"https:\/\/es.wikipedia.org\/wiki\/Poli%C3%A9ster\">poli\u00e9ster<\/a> sobre las que se deposita aluminio, que forma las armaduras. Se apilan estas l\u00e1minas y se conectan por los extremos. Del mismo modo, tambi\u00e9n se encuentran condensadores de policarbonato y polipropileno.\u00a0Una ventaja es que tienen muy poca p\u00e9rdida y excelente factor de potencia.\u00a0La utilizaci\u00f3n m\u00e1s com\u00fan de los capacitores, es absorber el ruido, el cual es por definici\u00f3n una se\u00f1al r\u00e1pidamente cambiante, y la desv\u00eda alej\u00e1ndola de la se\u00f1al que interesa.<\/span><\/p>\n<p><span style=\"color: #000000\">Voltaje: 400V<\/span><\/p>\n","protected":false},"excerpt":{"rendered":"<p>Capacitor de Poli\u00e9ster 1.5 uF Capacitor de poli\u00e9ster de 1.5 uF(microfaradios). Un condensador es un dispositivo capaz de almacenar energ\u00eda en forma de campo el\u00e9ctrico.\u00a0 Va a tener una serie de caracter\u00edsticas tales como capacidad, tensi\u00f3n de trabajo, tolerancia y polaridad. El condensador de poli\u00e9ster est\u00e1 formado por l\u00e1minas delgadas de poli\u00e9ster sobre las que [&hellip;]<\/p>\n","protected":false},"featured_media":519,"comment_status":"closed","ping_status":"closed","template":"","meta":{"_lmt_disableupdate":"no","_lmt_disable":""},"product_brand":[],"product_cat":[115],"product_tag":[],"class_list":{"0":"post-3112","1":"product","2":"type-product","3":"status-publish","4":"has-post-thumbnail","6":"product_cat-poliester","8":"first","9":"instock","10":"purchasable","11":"product-type-simple"},"_links":{"self":[{"href":"https:\/\/geekbotelectronics.com\/index.php\/wp-json\/wp\/v2\/product\/3112"}],"collection":[{"href":"https:\/\/geekbotelectronics.com\/index.php\/wp-json\/wp\/v2\/product"}],"about":[{"href":"https:\/\/geekbotelectronics.com\/index.php\/wp-json\/wp\/v2\/types\/product"}],"replies":[{"embeddable":true,"href":"https:\/\/geekbotelectronics.com\/index.php\/wp-json\/wp\/v2\/comments?post=3112"}],"wp:featuredmedia":[{"embeddable":true,"href":"https:\/\/geekbotelectronics.com\/index.php\/wp-json\/wp\/v2\/media\/519"}],"wp:attachment":[{"href":"https:\/\/geekbotelectronics.com\/index.php\/wp-json\/wp\/v2\/media?parent=3112"}],"wp:term":[{"taxonomy":"product_brand","embeddable":true,"href":"https:\/\/geekbotelectronics.com\/index.php\/wp-json\/wp\/v2\/product_brand?post=3112"},{"taxonomy":"product_cat","embeddable":true,"href":"https:\/\/geekbotelectronics.com\/index.php\/wp-json\/wp\/v2\/product_cat?post=3112"},{"taxonomy":"product_tag","embeddable":true,"href":"https:\/\/geekbotelectronics.com\/index.php\/wp-json\/wp\/v2\/product_tag?post=3112"}],"curies":[{"name":"wp","href":"https:\/\/api.w.org\/{rel}","templated":true}]}}