{"id":2893,"date":"2022-09-05T22:08:59","date_gmt":"2022-09-06T04:08:59","guid":{"rendered":"https:\/\/geekbotelectronics.com\/?post_type=product&#038;p=2893"},"modified":"2026-03-20T16:06:49","modified_gmt":"2026-03-20T22:06:49","slug":"capacitor-electrolitico-2200-uf-63-v","status":"publish","type":"product","link":"https:\/\/geekbotelectronics.com\/index.php\/product\/capacitor-electrolitico-2200-uf-63-v\/","title":{"rendered":"Capacitor Electrol\u00edtico 2200 uF 50V"},"content":{"rendered":"<h4 style=\"text-align: justify\"><span style=\"color: #000000\">Capacitor Electrol\u00edtico 2200 uF 63 V<\/span><\/h4>\n<p style=\"text-align: justify\"><span style=\"color: #000000\">Un capacitor electrol\u00edtico es un tipo de <a style=\"color: #000000\" title=\"Condensador el\u00e9ctrico\" href=\"https:\/\/es.wikipedia.org\/wiki\/Condensador_el%C3%A9ctrico\">condensador<\/a> que usa un <a style=\"color: #000000\" title=\"Electrolito\" href=\"https:\/\/es.wikipedia.org\/wiki\/Electrolito\">l\u00edquido i\u00f3nico<\/a> conductor como una de sus placas. T\u00edpicamente con m\u00e1s capacidad por unidad de volumen que otros tipos de condensadores, son valiosos en circuitos el\u00e9ctricos con relativa alta corriente y baja frecuencia. Este es especialmente el caso en los filtros de alimentadores de corriente, donde se usan para almacenar la carga, y moderar la tensi\u00f3n el\u00e9ctrica de salida y las fluctuaciones de corriente en la salida rectificada. Tambi\u00e9n son muy usados en los circuitos que deben conducir <a style=\"color: #000000\" title=\"Corriente continua\" href=\"https:\/\/es.wikipedia.org\/wiki\/Corriente_continua\">corriente continua<\/a> pero no <a style=\"color: #000000\" title=\"Corriente alterna\" href=\"https:\/\/es.wikipedia.org\/wiki\/Corriente_alterna\">corriente alterna<\/a>.<\/span><\/p>\n<p style=\"text-align: justify\"><span style=\"color: #000000\">Los condensadores electrol\u00edticos pueden tener mucha <a class=\"mw-redirect\" style=\"color: #000000\" title=\"Capacitancia\" href=\"https:\/\/es.wikipedia.org\/wiki\/Capacitancia\">capacitancia<\/a>, permitiendo la construcci\u00f3n de filtros de muy baja frecuencia.<\/span><\/p>\n<p style=\"text-align: justify\"><span style=\"color: #000000\"><strong>Especificaciones<\/strong><\/span><\/p>\n<ul>\n<li style=\"text-align: justify\"><span style=\"color: #000000\">Capacitancia: 2200 uf<\/span><\/li>\n<li style=\"text-align: justify\"><span style=\"color: #000000\">Tensi\u00f3n nominal: 63V<\/span><\/li>\n<li style=\"text-align: justify\"><span style=\"color: #000000\">Tipo de montaje:\u00a0Thru hole<\/span><\/li>\n<li style=\"text-align: justify\"><span style=\"color: #000000\">Capacitor electrol\u00edtico radial de alta calidad.<\/span><\/li>\n<\/ul>\n","protected":false},"excerpt":{"rendered":"<p>Capacitor Electrol\u00edtico 2200 uF 63 V Un capacitor electrol\u00edtico es un tipo de condensador que usa un l\u00edquido i\u00f3nico conductor como una de sus placas. T\u00edpicamente con m\u00e1s capacidad por unidad de volumen que otros tipos de condensadores, son valiosos en circuitos el\u00e9ctricos con relativa alta corriente y baja frecuencia. Este es especialmente el caso [&hellip;]<\/p>\n","protected":false},"featured_media":9690,"comment_status":"closed","ping_status":"closed","template":"","meta":{"_lmt_disableupdate":"no","_lmt_disable":""},"product_brand":[],"product_cat":[92],"product_tag":[],"class_list":{"0":"post-2893","1":"product","2":"type-product","3":"status-publish","4":"has-post-thumbnail","6":"product_cat-electroliticos","8":"first","9":"instock","10":"taxable","11":"shipping-taxable","12":"purchasable","13":"product-type-simple"},"_links":{"self":[{"href":"https:\/\/geekbotelectronics.com\/index.php\/wp-json\/wp\/v2\/product\/2893"}],"collection":[{"href":"https:\/\/geekbotelectronics.com\/index.php\/wp-json\/wp\/v2\/product"}],"about":[{"href":"https:\/\/geekbotelectronics.com\/index.php\/wp-json\/wp\/v2\/types\/product"}],"replies":[{"embeddable":true,"href":"https:\/\/geekbotelectronics.com\/index.php\/wp-json\/wp\/v2\/comments?post=2893"}],"wp:featuredmedia":[{"embeddable":true,"href":"https:\/\/geekbotelectronics.com\/index.php\/wp-json\/wp\/v2\/media\/9690"}],"wp:attachment":[{"href":"https:\/\/geekbotelectronics.com\/index.php\/wp-json\/wp\/v2\/media?parent=2893"}],"wp:term":[{"taxonomy":"product_brand","embeddable":true,"href":"https:\/\/geekbotelectronics.com\/index.php\/wp-json\/wp\/v2\/product_brand?post=2893"},{"taxonomy":"product_cat","embeddable":true,"href":"https:\/\/geekbotelectronics.com\/index.php\/wp-json\/wp\/v2\/product_cat?post=2893"},{"taxonomy":"product_tag","embeddable":true,"href":"https:\/\/geekbotelectronics.com\/index.php\/wp-json\/wp\/v2\/product_tag?post=2893"}],"curies":[{"name":"wp","href":"https:\/\/api.w.org\/{rel}","templated":true}]}}