{"id":2840,"date":"2022-09-05T22:08:48","date_gmt":"2022-09-06T04:08:48","guid":{"rendered":"https:\/\/geekbotelectronics.com\/?post_type=product&#038;p=2840"},"modified":"2026-03-26T14:59:14","modified_gmt":"2026-03-26T20:59:14","slug":"base-dip-8-pines","status":"publish","type":"product","link":"https:\/\/geekbotelectronics.com\/index.php\/product\/base-dip-8-pines\/","title":{"rendered":"Base Dip 8 Pines"},"content":{"rendered":"<h4><span style=\"color: #000000\">Base Dip 8 pines<\/span><\/h4>\n<p><span style=\"color: #000000\">La Base Dip para circuito integrado, con pines o agujas que se soldan a una placa de proyectos permiti\u00e9ndote montar o desmontar un circuito integrado sin tener la necesidad de soldarlo y as\u00ed poder usarlo nuevamente en diferentes pr\u00e1cticas o proyectos electr\u00f3nicos.<\/span><\/p>\n<p><span style=\"color: #000000\">En <a style=\"color: #000000\" title=\"Electr\u00f3nica\" href=\"https:\/\/es.wikipedia.org\/wiki\/Electr%C3%B3nica\">electr\u00f3nica<\/a>, las bases dip o\u00a0z\u00f3calo\u00a0son\u00a0los dispositivos para conectar <a style=\"color: #000000\" title=\"Circuito integrado\" href=\"https:\/\/es.wikipedia.org\/wiki\/Circuito_integrado\">circuitos integrados<\/a> en <a style=\"color: #000000\" title=\"Circuito impreso\" href=\"https:\/\/es.wikipedia.org\/wiki\/Circuito_impreso\">circuitos impresos<\/a>, sin realizar soldadura. Esto evita someter a temperatura excesiva a los integrados u otros dispositivos, que puede da\u00f1arlos; adem\u00e1s permite el reemplazo del componente sin pasar por un proceso de desoldadura y soldadura.<\/span><\/p>\n<p><span style=\"color: #000000\">Los z\u00f3calos se utilizan habitualmente para <a style=\"color: #000000\" title=\"Memoria (inform\u00e1tica)\" href=\"https:\/\/es.wikipedia.org\/wiki\/Memoria_(inform%C3%A1tica)\">memorias<\/a> y otros componentes similares, para permitir la modificaci\u00f3n de su informaci\u00f3n.<\/span><\/p>\n<p><span style=\"color: #000000\">Existen diversos patillajes o conexiones de los z\u00f3calos, entre los m\u00e1s habituales se encuentran los <a style=\"color: #000000\" title=\"Dual in-line package\" href=\"https:\/\/es.wikipedia.org\/wiki\/Dual_in-line_package\">DIP<\/a> (dual in-line package); tambi\u00e9n los hay para<a style=\"color: #000000\" title=\"Tecnolog\u00eda de montaje superficial\" href=\"https:\/\/es.wikipedia.org\/wiki\/Tecnolog%C3%ADa_de_montaje_superficial\">SMD<\/a> (surface mount device).<\/span><\/p>\n<p><span style=\"color: #000000\"><strong>Especificaciones<\/strong><\/span><\/p>\n<ul>\n<li><span style=\"color: #000000\">Para circuito integrado con encapsulado: Dip<\/span><\/li>\n<li><span style=\"color: #000000\">N\u00famero de pines: 8<\/span><\/li>\n<li><span style=\"color: #000000\">Material: Pl\u00e1stico<\/span><\/li>\n<li><span style=\"color: #000000\">Para soldar<\/span><\/li>\n<li><span style=\"color: #000000\">Tope de altura para mayor adaptabilidad a la tablilla<\/span><\/li>\n<li><span style=\"color: #000000\">Color: Negro<\/span><\/li>\n<li>Consumo nominal:\u00a0(no aplica)<\/li>\n<li>Consumo en espera:\u00a0(no aplica)<\/li>\n<\/ul>\n","protected":false},"excerpt":{"rendered":"<p>Base DIP para circuito integrado de 8 pines o agujas, para montar o desmontar un circuito integrado sin tener la necesidad de soldarlo.<\/p>\n","protected":false},"featured_media":212,"comment_status":"closed","ping_status":"closed","template":"","meta":{"_lmt_disableupdate":"no","_lmt_disable":""},"product_brand":[],"product_cat":[84],"product_tag":[],"class_list":{"0":"post-2840","1":"product","2":"type-product","3":"status-publish","4":"has-post-thumbnail","6":"product_cat-base-dip","8":"first","9":"instock","10":"taxable","11":"shipping-taxable","12":"purchasable","13":"product-type-simple"},"_links":{"self":[{"href":"https:\/\/geekbotelectronics.com\/index.php\/wp-json\/wp\/v2\/product\/2840"}],"collection":[{"href":"https:\/\/geekbotelectronics.com\/index.php\/wp-json\/wp\/v2\/product"}],"about":[{"href":"https:\/\/geekbotelectronics.com\/index.php\/wp-json\/wp\/v2\/types\/product"}],"replies":[{"embeddable":true,"href":"https:\/\/geekbotelectronics.com\/index.php\/wp-json\/wp\/v2\/comments?post=2840"}],"wp:featuredmedia":[{"embeddable":true,"href":"https:\/\/geekbotelectronics.com\/index.php\/wp-json\/wp\/v2\/media\/212"}],"wp:attachment":[{"href":"https:\/\/geekbotelectronics.com\/index.php\/wp-json\/wp\/v2\/media?parent=2840"}],"wp:term":[{"taxonomy":"product_brand","embeddable":true,"href":"https:\/\/geekbotelectronics.com\/index.php\/wp-json\/wp\/v2\/product_brand?post=2840"},{"taxonomy":"product_cat","embeddable":true,"href":"https:\/\/geekbotelectronics.com\/index.php\/wp-json\/wp\/v2\/product_cat?post=2840"},{"taxonomy":"product_tag","embeddable":true,"href":"https:\/\/geekbotelectronics.com\/index.php\/wp-json\/wp\/v2\/product_tag?post=2840"}],"curies":[{"name":"wp","href":"https:\/\/api.w.org\/{rel}","templated":true}]}}