{"id":2777,"date":"2022-09-05T22:08:37","date_gmt":"2022-09-06T04:08:37","guid":{"rendered":"https:\/\/geekbotelectronics.com\/?post_type=product&#038;p=2777"},"modified":"2026-03-20T13:51:54","modified_gmt":"2026-03-20T19:51:54","slug":"4n25-optoacoplador","status":"publish","type":"product","link":"https:\/\/geekbotelectronics.com\/index.php\/product\/4n25-optoacoplador\/","title":{"rendered":"4N25 Optoacoplador"},"content":{"rendered":"<h3>4N25 Optoacoplador<\/h3>\n<div><\/div>\n<p class=\"contents\">El 4N25 es un acoplador fototransistor de un solo canal de norma industrial con conexi\u00f3n de base.\u00a0El optoacoplador consta de un LED infrarrojo de <a href=\"https:\/\/es.wikipedia.org\/wiki\/Arseniuro_de_galio\">arseniuro de galio<\/a> y un fototransistor NPN de silicio.<\/p>\n<div id=\"fnb_features\" class=\"featuresList\">\n<ul class=\"firstList\">\n<li>Voltaje de pruebas de aislamiento de 5000VRMS<\/li>\n<li>Interfaces con familias de l\u00f3gica com\u00fan<\/li>\n<li>Capacidad de acoplamiento de entrada-salida menor o igual a 0.5pF<\/li>\n<li>Conmutaci\u00f3n m\u00e1s r\u00e1pida de los acopladores est\u00e1ndar<\/li>\n<\/ul>\n<\/div>\n<div id=\"pdpApplication\">\n<h4><\/h4>\n<h4>Aplicaciones<\/h4>\n<p class=\"pdpApplicationList\">Administraci\u00f3n de Potencia, Comunicaciones y Red, Control de Motor<\/p>\n<\/div>\n<h4><\/h4>\n<h4>Caracter\u00edsticas<\/h4>\n<p>Categor\u00eda de producto: Optoacopladores de salida de transistores<\/p>\n<p>Encapsulado: PDIP-6<\/p>\n<p>N\u00famero de canales: 1 Canal<\/p>\n<p>Corriente directa: 100 mA<\/p>\n<p>M\u00e1ximo voltaje colector-emisor: 70V<\/p>\n<p>Voltaje de aislamiento: 5300 Vrms<\/p>\n<p>M\u00e1ximo voltaje de saturaci\u00f3n colector-emisor: 0.5 V<\/p>\n<p>Tensi\u00f3n directa: 1.5 V<\/p>\n<p>Tensi\u00f3n inversa: 6V<\/p>\n<p>Disipaci\u00f3n de potencia: 250 mW<\/p>\n<p>Temperatura de trabajo m\u00ednima: -55 C<\/p>\n<p>Temperatura de trabajo m\u00e1xima: +100 C<\/p>\n<h4><\/h4>\n<h4>Sustituto<\/h4>\n<p>4N26, 4N27, 4N28<\/p>\n<h4><\/h4>\n<h4>DataSheet<\/h4>\n<p><a href=\"https:\/\/geekbotelectronics.com\/wp-content\/uploads\/2021\/06\/4n25.pdf\">4N25<\/a><\/p>\n","protected":false},"excerpt":{"rendered":"<p>4N25 Optoacoplador El 4N25 es un acoplador fototransistor de un solo canal de norma industrial con conexi\u00f3n de base.\u00a0El optoacoplador consta de un LED infrarrojo de arseniuro de galio y un fototransistor NPN de silicio. Voltaje de pruebas de aislamiento de 5000VRMS Interfaces con familias de l\u00f3gica com\u00fan Capacidad de acoplamiento de entrada-salida menor o [&hellip;]<\/p>\n","protected":false},"featured_media":98,"comment_status":"closed","ping_status":"closed","template":"","meta":{"_lmt_disableupdate":"no","_lmt_disable":""},"product_brand":[],"product_cat":[49],"product_tag":[],"class_list":{"0":"post-2777","1":"product","2":"type-product","3":"status-publish","4":"has-post-thumbnail","6":"product_cat-optoacopladores","8":"first","9":"instock","10":"taxable","11":"shipping-taxable","12":"purchasable","13":"product-type-simple"},"_links":{"self":[{"href":"https:\/\/geekbotelectronics.com\/index.php\/wp-json\/wp\/v2\/product\/2777"}],"collection":[{"href":"https:\/\/geekbotelectronics.com\/index.php\/wp-json\/wp\/v2\/product"}],"about":[{"href":"https:\/\/geekbotelectronics.com\/index.php\/wp-json\/wp\/v2\/types\/product"}],"replies":[{"embeddable":true,"href":"https:\/\/geekbotelectronics.com\/index.php\/wp-json\/wp\/v2\/comments?post=2777"}],"wp:featuredmedia":[{"embeddable":true,"href":"https:\/\/geekbotelectronics.com\/index.php\/wp-json\/wp\/v2\/media\/98"}],"wp:attachment":[{"href":"https:\/\/geekbotelectronics.com\/index.php\/wp-json\/wp\/v2\/media?parent=2777"}],"wp:term":[{"taxonomy":"product_brand","embeddable":true,"href":"https:\/\/geekbotelectronics.com\/index.php\/wp-json\/wp\/v2\/product_brand?post=2777"},{"taxonomy":"product_cat","embeddable":true,"href":"https:\/\/geekbotelectronics.com\/index.php\/wp-json\/wp\/v2\/product_cat?post=2777"},{"taxonomy":"product_tag","embeddable":true,"href":"https:\/\/geekbotelectronics.com\/index.php\/wp-json\/wp\/v2\/product_tag?post=2777"}],"curies":[{"name":"wp","href":"https:\/\/api.w.org\/{rel}","templated":true}]}}