{"id":25749,"date":"2021-07-07T22:53:23","date_gmt":"2021-07-08T03:53:23","guid":{"rendered":"https:\/\/geekbotelectronics.com\/?page_id=11150"},"modified":"2025-11-13T13:36:57","modified_gmt":"2025-11-13T19:36:57","slug":"home","status":"publish","type":"page","link":"https:\/\/geekbotelectronics.com\/index.php\/home\/","title":{"rendered":"Home"},"content":{"rendered":"<div class=\"wp-block-columns is-layout-flex wp-container-core-columns-is-layout-2 wp-block-columns-is-layout-flex\"><div class=\"wp-block-column is-layout-flow wp-block-column-is-layout-flow\"><div class=\"wp-block-columns has-white-color has-cyan-bluish-gray-background-color has-text-color has-background has-link-color wp-elements-dfb332d4a2d1bb62bdab82be5922eaea is-layout-flex wp-container-core-columns-is-layout-1 wp-block-columns-is-layout-flex\"><div class=\"wp-block-column is-layout-flow wp-block-column-is-layout-flow\"><p>Pagos seguros<\/p>\n\n<p><span class=\"stk-highlight\" style=\"color: #ffffff;\">Para tu comodidad contamos con varios met\u00f3dos de pago.<\/span><\/p><\/div>\n\n<div class=\"wp-block-column is-layout-flow wp-block-column-is-layout-flow\"><p>Env\u00edos R\u00e1pidos y Seguros<\/p>\n\n<p>Ofrecemos tiempos de env\u00edos r\u00e1pidos. \u00a1Los productos en stock se env\u00edan al siguiente dia h\u00e1bil.<\/p><\/div>\n\n<div class=\"wp-block-column is-layout-flow wp-block-column-is-layout-flow\"><p>Atenci\u00f3n Personalizada<\/p>\n\n<p>\u00a1Siempre es un gusto atenderte! Cont\u00e1ctanos mediante WhatsApp, Correo y Redes Sociales.<\/p><\/div><\/div><\/div><\/div><p><\/p><figure class=\"wp-block-gallery has-nested-images columns-default is-cropped wp-block-gallery-1 is-layout-flex wp-block-gallery-is-layout-flex\"><\/figure><p><\/p><p><\/p><p><\/p><div data-wc-navigation-id=\"wc-product-collection-1\" data-wc-context=\"{&quot;collection&quot;:&quot;woocommerce\\\/product-collection\\\/on-sale&quot;,&quot;accessibilityLoadingMessage&quot;:&quot;Loading page, please wait.&quot;,&quot;accessibilityLoadedMessage&quot;:&quot;Page Loaded.&quot;,&quot;isPrefetchNextOrPreviousLink&quot;:false}\" data-wc-init=\"callbacks.onRender\" data-wc-interactive=\"{&quot;namespace&quot;:&quot;woocommerce\\\/product-collection&quot;}\" data-__private-preview-state=\"{&quot;isPreview&quot;:false,&quot;previewMessage&quot;:&quot;Actual products will vary depending on the page being viewed.&quot;}\" data-block-name=\"woocommerce\/product-collection\" data-collection=\"woocommerce\/product-collection\/on-sale\" data-dimensions=\"{&quot;widthType&quot;:&quot;fill&quot;}\" data-display-layout=\"{&quot;type&quot;:&quot;flex&quot;,&quot;columns&quot;:5,&quot;shrinkColumns&quot;:true}\" data-hide-controls=\"[&quot;inherit&quot;,&quot;on-sale&quot;,&quot;filterable&quot;]\" data-query-context-includes=\"[&quot;collection&quot;]\" data-query-id=\"1\" data-query=\"{&quot;perPage&quot;:5,&quot;pages&quot;:1,&quot;offset&quot;:0,&quot;postType&quot;:&quot;product&quot;,&quot;order&quot;:&quot;asc&quot;,&quot;orderBy&quot;:&quot;title&quot;,&quot;search&quot;:&quot;&quot;,&quot;exclude&quot;:[],&quot;inherit&quot;:false,&quot;taxQuery&quot;:[],&quot;isProductCollectionBlock&quot;:true,&quot;featured&quot;:false,&quot;woocommerceOnSale&quot;:true,&quot;woocommerceStockStatus&quot;:[&quot;instock&quot;,&quot;outofstock&quot;,&quot;onbackorder&quot;],&quot;woocommerceAttributes&quot;:[],&quot;woocommerceHandPickedProducts&quot;:[],&quot;filterable&quot;:false,&quot;relatedBy&quot;:{&quot;categories&quot;:true,&quot;tags&quot;:true}}\" data-tag-name=\"div\" class=\"wp-block-woocommerce-product-collection is-layout-flow wp-block-product-collection-is-layout-flow\"><h2 class=\"wp-block-heading has-text-align-center\" style=\"margin-bottom:1rem\">Productos rebajados<\/h2>\n\n<ul class=\"wc-block-product-template__responsive columns-5 wc-block-product-template wp-block-woocommerce-product-template\"><li class=\"wc-block-product post-16923 product type-product status-publish has-post-thumbnail product_cat-servicio first outofstock sale taxable shipping-taxable purchasable product-type-simple\"\n\t\t\t\t\t\n\t\t\t\tdata-wc-interactive='{\"namespace\":\"woocommerce\\\/product-collection\"}'\n\t\t\t\tdata-wc-context='{\"productId\":16923}'\n\t\t\t\tdata-wc-key=\"product-item-16923\"\n\t\t\t\n\t\t\t\t>\n\t\t\t\t\t<div data-block-name=\"woocommerce\/product-image\" data-image-sizing=\"thumbnail\" data-is-descendent-of-query-loop=\"true\" class=\"wc-block-components-product-image wc-block-grid__product-image wp-block-woocommerce-product-image\">\n\t\t\t\t\t<a href=\"https:\/\/geekbotelectronics.com\/index.php\/product\/lote-fuente-de-voltaje-fija-5v-diodos\/\" style=\"\" data-wc-on--click=\"woocommerce\/product-collection::actions.viewProduct\">\n\t\t<div class=\"wc-block-components-product-sale-badge wc-block-components-product-sale-badge--align-right wc-block-grid__product-onsale \" style=\"\">\n\t\t\t<span aria-hidden=\"true\">Oferta<\/span>\n\t\t\t<span class=\"screen-reader-text\">Producto en oferta<\/span>\n\t\t<\/div>\n\t <img fetchpriority=\"high\" decoding=\"async\" width=\"324\" height=\"324\" src=\"https:\/\/geekbotelectronics.com\/wp-content\/uploads\/2024\/09\/Imagen-de-WhatsApp-2024-09-02-a-las-14.32.03_cb44717e-324x324.jpg\" class=\"attachment-woocommerce_thumbnail size-woocommerce_thumbnail\" alt=\"Lote fuente de voltaje fija 5V Diodos\" data-testid=\"product-image\" style=\"max-width:none;object-fit:cover;\" title=\"Fuente 5V\" srcset=\"https:\/\/geekbotelectronics.com\/wp-content\/uploads\/2024\/09\/Imagen-de-WhatsApp-2024-09-02-a-las-14.32.03_cb44717e-324x324.jpg 324w, https:\/\/geekbotelectronics.com\/wp-content\/uploads\/2024\/09\/Imagen-de-WhatsApp-2024-09-02-a-las-14.32.03_cb44717e-100x100.jpg 100w, https:\/\/geekbotelectronics.com\/wp-content\/uploads\/2024\/09\/Imagen-de-WhatsApp-2024-09-02-a-las-14.32.03_cb44717e-150x150.jpg 150w\" sizes=\"(max-width: 324px) 100vw, 324px\" \/><\/a>\n\t\t\t\t<\/div>\n\n<h3 style=\"margin-bottom:0.75rem;margin-top:0;\" class=\"has-text-align-center wp-block-post-title has-medium-font-size\"><a data-wc-on--click=\"woocommerce\/product-collection::actions.viewProduct\" href=\"https:\/\/geekbotelectronics.com\/index.php\/product\/lote-fuente-de-voltaje-fija-5v-diodos\/\" target=\"_self\" >Lote fuente de voltaje fija 5V Diodos<\/a><\/h3>\n\n<div data-block-name=\"woocommerce\/product-price\" data-font-size=\"small\" data-is-descendent-of-query-loop=\"true\" data-text-align=\"center\" class=\"wp-block-woocommerce-product-price\"><div class=\"wc-block-components-product-price wc-block-grid__product-price has-text-align-center has-font-size has-small-font-size has-text-align-center\" style=\"\">\n\t\t\t\t\t<del aria-hidden=\"true\"><span class=\"woocommerce-Price-amount amount\"><bdi><span class=\"woocommerce-Price-currencySymbol\">&#36;<\/span>507.50<\/bdi><\/span><\/del> <span class=\"screen-reader-text\">Original price was: &#036;507.50.<\/span><ins aria-hidden=\"true\"><span class=\"woocommerce-Price-amount amount\"><bdi><span class=\"woocommerce-Price-currencySymbol\">&#36;<\/span>500.00<\/bdi><\/span><\/ins><span class=\"screen-reader-text\">Current price is: &#036;500.00.<\/span> <small class=\"woocommerce-price-suffix\">IVA Incluido<\/small>\n\t\t\t\t<\/div><\/div>\n\n<div data-block-name=\"woocommerce\/product-button\" data-font-size=\"small\" data-is-descendent-of-query-loop=\"true\" data-text-align=\"center\" class=\"wp-block-button wc-block-components-product-button   align-center wp-block-woocommerce-product-button has-small-font-size\"\n\t\t\t\t\t\t\n\t\t\t\t\t>\n\t\t\t\t\t\t<a\n\t\t\t\t\t\t\thref=\"https:\/\/geekbotelectronics.com\/index.php\/product\/lote-fuente-de-voltaje-fija-5v-diodos\/\"\n\t\t\t\t\t\t\tclass=\"wp-block-button__link wp-element-button wc-block-components-product-button__button product_type_simple has-font-size has-small-font-size has-text-align-center wc-interactive\"\n\t\t\t\t\t\t\tstyle=\"\"\n\t\t\t\t\t\t\tdata-product_id=\"16923\" data-product_sku=\"6001664\" aria-label=\"Lee m\u00e1s sobre &ldquo;Lote fuente de voltaje fija 5V Diodos&rdquo;\" rel=\"nofollow\"\n\t\t\t\t\t\t\t\n\t\t\t\tdata-wc-on--click=\"woocommerce\/product-collection::actions.viewProduct\"\n\t\t\t\n\t\t\t\t\t\t>\n\t\t\t\t\t\t<span > Leer m\u00e1s <\/span>\n\t\t\t\t\t\t<\/a>\n\t\t\t\t\t\t\n\t\t\t\t\t<\/div>\n\t\t\t\t<\/li><\/ul>\n\t\t\t\t<div\n\t\t\t\t\tdata-wc-interactive=\"{&quot;namespace&quot;:&quot;woocommerce\/product-collection&quot;}\"\n\t\t\t\t\tclass=\"wc-block-product-collection__pagination-animation\"\n\t\t\t\t\tdata-wc-class--start-animation=\"state.startAnimation\"\n\t\t\t\t\tdata-wc-class--finish-animation=\"state.finishAnimation\">\n\t\t\t\t<\/div>\n\t\t\t\t<div\n\t\t\t\t\tdata-wc-interactive=\"{&quot;namespace&quot;:&quot;woocommerce\/product-collection&quot;}\"\n\t\t\t\t\tclass=\"screen-reader-text\"\n\t\t\t\t\taria-live=\"polite\"\n\t\t\t\t\tdata-wc-text=\"context.accessibilityMessage\">\n\t\t\t\t<\/div>\n\t\t\t<\/div>","protected":false},"excerpt":{"rendered":"<p>Pagos seguros Para tu comodidad contamos con varios met\u00f3dos de pago. Env\u00edos R\u00e1pidos y Seguros Ofrecemos tiempos de env\u00edos r\u00e1pidos. \u00a1Los productos en stock se env\u00edan al siguiente dia h\u00e1bil. Atenci\u00f3n Personalizada \u00a1Siempre es un gusto atenderte! Cont\u00e1ctanos mediante WhatsApp, Correo y Redes Sociales.<\/p>\n","protected":false},"author":4,"featured_media":0,"parent":0,"menu_order":0,"comment_status":"closed","ping_status":"closed","template":"","meta":{"_lmt_disableupdate":"","_lmt_disable":"","footnotes":""},"class_list":["post-25749","page","type-page","status-publish","hentry"],"_links":{"self":[{"href":"https:\/\/geekbotelectronics.com\/index.php\/wp-json\/wp\/v2\/pages\/25749"}],"collection":[{"href":"https:\/\/geekbotelectronics.com\/index.php\/wp-json\/wp\/v2\/pages"}],"about":[{"href":"https:\/\/geekbotelectronics.com\/index.php\/wp-json\/wp\/v2\/types\/page"}],"author":[{"embeddable":true,"href":"https:\/\/geekbotelectronics.com\/index.php\/wp-json\/wp\/v2\/users\/4"}],"replies":[{"embeddable":true,"href":"https:\/\/geekbotelectronics.com\/index.php\/wp-json\/wp\/v2\/comments?post=25749"}],"version-history":[{"count":4,"href":"https:\/\/geekbotelectronics.com\/index.php\/wp-json\/wp\/v2\/pages\/25749\/revisions"}],"predecessor-version":[{"id":25833,"href":"https:\/\/geekbotelectronics.com\/index.php\/wp-json\/wp\/v2\/pages\/25749\/revisions\/25833"}],"wp:attachment":[{"href":"https:\/\/geekbotelectronics.com\/index.php\/wp-json\/wp\/v2\/media?parent=25749"}],"curies":[{"name":"wp","href":"https:\/\/api.w.org\/{rel}","templated":true}]}}